{"id":885,"date":"2023-04-26T13:28:46","date_gmt":"2023-04-26T13:28:46","guid":{"rendered":"http:\/\/s949549485.online.de\/?page_id=885"},"modified":"2024-05-27T06:33:38","modified_gmt":"2024-05-27T06:33:38","slug":"datenschutzerklaerung","status":"publish","type":"page","link":"https:\/\/www.iwarm.eu\/en\/datenschutzerklaerung\/","title":{"rendered":"Privacy policy"},"content":{"rendered":"<div data-elementor-type=\"wp-page\" data-elementor-id=\"885\" class=\"elementor elementor-885\">\n\t\t\t\t\t\t<section class=\"elementor-section elementor-top-section elementor-element elementor-element-21efdb8 elementor-section-boxed elementor-section-height-default elementor-section-height-default\" data-id=\"21efdb8\" data-element_type=\"section\" data-e-type=\"section\">\n\t\t\t\t\t\t<div class=\"elementor-container elementor-column-gap-default\">\n\t\t\t\t\t<div class=\"elementor-column elementor-col-100 elementor-top-column elementor-element elementor-element-5f20ec0\" data-id=\"5f20ec0\" data-element_type=\"column\" data-e-type=\"column\">\n\t\t\t<div class=\"elementor-widget-wrap elementor-element-populated\">\n\t\t\t\t\t\t<div class=\"elementor-element elementor-element-153cad5 elementor-widget elementor-widget-text-editor\" data-id=\"153cad5\" data-element_type=\"widget\" data-e-type=\"widget\" data-widget_type=\"text-editor.default\">\n\t\t\t\t<div class=\"elementor-widget-container\">\n\t\t\t\t\t\t\t\t\t<div><p><strong><big>Privacy policy<\/big><\/strong><\/p><p><strong>General notice and obligatory information<\/strong><\/p><p><strong>Designation of the responsible body<\/strong><\/p><p>The data controller for this website is:<\/p><p>i-warm GmbH<br \/>Thorsten Cyrol<br \/>i_Park Tauberfranken 18<br \/>97922 Lauda-K\u00f6nigshofen<\/p><p>\u00a0<\/p><p>The controller decides alone or jointly with others on the purposes and means of the processing of personal data (e.g. names, contact details or similar).<\/p><p><strong>Withdrawal of your consent to data processing<\/strong><\/p><p>Some data processing operations are only possible with your express consent. You can revoke your consent at any time. An informal communication by e-mail is sufficient for the revocation. The legality of the data processing carried out until the revocation remains unaffected by the revocation.<\/p><p><strong>Right to complain to the competent supervisory authority<\/strong><\/p><p>As a data subject, you have the right to lodge a complaint with the competent supervisory authority in the event of a breach of data protection law. The competent supervisory authority regarding data protection issues is the state data protection commissioner of the federal state in which our company's registered office is located. The following link provides a list of data protection officers and their contact details: <a href=\"https:\/\/www.bfdi.bund.de\/DE\/Infothek\/Anschriften_Links\/anschriften_links-node.html\" target=\"_blank\" rel=\"noopener\">https:\/\/www.bfdi.bund.de\/DE\/Infothek\/Anschriften_Links\/anschriften_links-node.html<\/a>.<\/p><p><strong>Right to data portability<\/strong><\/p><p>You have the right to have data that we process automatically on the basis of your consent or in fulfilment of a contract handed over to you or to third parties. The data will be provided in a machine-readable format. If you request the direct transfer of the data to another person responsible, this will only be done insofar as it is technically feasible.<\/p><p><strong>Right to information, correction, blocking, deletion<\/strong><\/p><p>Within the framework of the applicable legal provisions, you have the right at any time to free information about your stored personal data, the origin of the data, its recipients and the purpose of the data processing and, if applicable, a right to correction, blocking or deletion of this data. In this regard and also for further questions on the subject of personal data, you can contact us at any time via the contact options listed in the imprint.<\/p><p><strong>SSL or TLS encryption<\/strong><\/p><p>For security reasons and to protect the transmission of confidential content that you send to us as the site operator, our website uses SSL or TLS encryption. This means that data you transmit via this website cannot be read by third parties. You can recognise an encrypted connection by the \"https:\/\/\" address line of your browser and the lock symbol in the browser line.<\/p><\/div><div><p><strong>Data Protection Officer<\/strong><\/p><p>We have appointed a data protection officer.<\/p><p>Larissa Weid<br \/>i-warm GmbH<br \/>97922 Lauda-K\u00f6nigshofen<\/p><p>Telefon: 09343\/62738 0<br \/>E-Mail: datenschutz<a href=\"mailto:info@main-intelligence.de\">(at)i-warm.de<\/a><\/p><\/div><div><p><strong>Server log files<\/strong><\/p><p>In server log files, the provider of the website automatically collects and stores information that your browser automatically transmits to us. These are:<\/p><ul><li>Visited page on our domain<\/li><li>Date and time of the server request<\/li><li>Browser type and version<\/li><li>Operating system used<\/li><li>Referrer URL<\/li><li>Host name of the accessing computer<\/li><li>IP address<\/li><\/ul><p>This data is not merged with other data sources. The data processing is based on Art. 6 para. 1 lit. b DSGVO, which permits the processing of data for the fulfilment of a contract or pre-contractual measures.<\/p><\/div><div><p><strong>Contact form<\/strong><\/p><p>Data transmitted via the contact form, including your contact details, are stored in order to be able to process your enquiry or to be available for follow-up questions. This data will not be passed on without your consent.<\/p><p>The data entered in the contact form is processed exclusively on the basis of your consent (Art. 6 para. 1 lit. a DSGVO). You may revoke your consent at any time. An informal communication by e-mail is sufficient for the revocation. The legality of the data processing operations carried out until the revocation remains unaffected by the revocation.<\/p><p>Data transmitted via the contact form will remain with us until you request us to delete it, revoke your consent to store it or there is no longer any need to store the data. Mandatory legal provisions - in particular retention periods - remain unaffected.<\/p><\/div><div><p><strong>Cookies<\/strong><\/p><p>Our website uses cookies. These are small text files that your web browser stores on your terminal device. Cookies help us to make our website more user-friendly, effective and secure.<\/p><p>Some cookies are \"session cookies.\" Such cookies are deleted automatically at the end of your browser session. On the other hand, other cookies remain on your terminal device until you delete them yourself. Such cookies help us to recognise you when you return to our website.<\/p><p>With a modern web browser, you can monitor, restrict or prevent the setting of cookies. Many web browsers can be configured so that cookies are deleted automatically when the program is closed. Deactivating cookies may result in limited functionality of our website.<\/p><p>The setting of cookies, which are necessary for the exercise of electronic communication processes or the provision of certain functions desired by you (e.g. shopping cart), is based on Art. 6 para. 1 lit. f DSGVO. As the operator of this website, we have a legitimate interest in storing cookies for the technically error-free and smooth provision of our services. If other cookies are set (e.g. for analysis functions), these are dealt with separately in this data protection declaration.<\/p><p>Zur Verwaltung der eingesetzten Cookies und &auml;hnlichen Technologien (Tracking-Pixel, Web-Beacons etc.) und diesbez&uuml;glicher Einwilligungen setzen wir das Consent Tool &bdquo;Real Cookie Banner&ldquo; ein. Details zur Funktionsweise von &bdquo;Real Cookie Banner&ldquo; findest du unter &lt;a href=&quot;\/en\/&ldquo;https:\/\/devowl.io\/de\/rcb\/datenverarbeitung\/&ldquo;\/&quot; rel=&quot;&ldquo;noreferrer&ldquo;&quot; target=&quot;&ldquo;_blank&ldquo;&quot;&gt;https:\/\/devowl.io\/de\/rcb\/datenverarbeitung\/&lt;\/a&gt;.<\/p><p>The legal basis for the processing of personal data in this context is Art. 6 para. 1 lit. c DS-GVO and Art. 6 para. 1 lit. f DS-GVO. Our legitimate interest is the management of the cookies and similar technologies used and the related consents.<\/p><p>The provision of personal data is neither contractually required nor necessary for the conclusion of a contract. You are not obliged to provide the personal data. If you do not provide the personal data, we will not be able to manage your consents.<\/p><\/div>\t\t\t\t\t\t\t\t<\/div>\n\t\t\t\t<\/div>\n\t\t\t\t\t<\/div>\n\t\t<\/div>\n\t\t\t\t\t<\/div>\n\t\t<\/section>\n\t\t\t\t<section class=\"elementor-section elementor-top-section elementor-element elementor-element-2a56323 elementor-section-content-top elementor-section-boxed elementor-section-height-default elementor-section-height-default\" data-id=\"2a56323\" data-element_type=\"section\" data-e-type=\"section\" data-settings=\"{&quot;background_background&quot;:&quot;classic&quot;}\">\n\t\t\t\t\t\t\t<div class=\"elementor-background-overlay\"><\/div>\n\t\t\t\t\t\t\t<div class=\"elementor-container elementor-column-gap-default\">\n\t\t\t\t\t<div class=\"elementor-column elementor-col-100 elementor-top-column elementor-element elementor-element-98fc0ce\" data-id=\"98fc0ce\" data-element_type=\"column\" data-e-type=\"column\">\n\t\t\t<div class=\"elementor-widget-wrap elementor-element-populated\">\n\t\t\t\t\t\t<section class=\"elementor-section elementor-inner-section elementor-element elementor-element-1408e26 elementor-section-content-top elementor-section-boxed elementor-section-height-default elementor-section-height-default\" data-id=\"1408e26\" data-element_type=\"section\" data-e-type=\"section\">\n\t\t\t\t\t\t<div class=\"elementor-container elementor-column-gap-default\">\n\t\t\t\t\t<div class=\"elementor-column elementor-col-33 elementor-inner-column elementor-element elementor-element-de37e49\" data-id=\"de37e49\" data-element_type=\"column\" data-e-type=\"column\">\n\t\t\t<div class=\"elementor-widget-wrap elementor-element-populated\">\n\t\t\t\t\t\t<div class=\"elementor-element elementor-element-944ea4a animated-slow elementor-invisible elementor-widget elementor-widget-heading\" data-id=\"944ea4a\" data-element_type=\"widget\" data-e-type=\"widget\" data-settings=\"{&quot;_animation&quot;:&quot;fadeIn&quot;,&quot;_animation_delay&quot;:600}\" data-widget_type=\"heading.default\">\n\t\t\t\t<div class=\"elementor-widget-container\">\n\t\t\t\t\t<h2 class=\"elementor-heading-title elementor-size-default\">i-warm GmbH<\/h2>\t\t\t\t<\/div>\n\t\t\t\t<\/div>\n\t\t\t\t<div class=\"elementor-element elementor-element-fe5058e elementor-invisible elementor-widget elementor-widget-text-editor\" data-id=\"fe5058e\" data-element_type=\"widget\" data-e-type=\"widget\" data-settings=\"{&quot;_animation&quot;:&quot;fadeInDown&quot;}\" data-widget_type=\"text-editor.default\">\n\t\t\t\t<div class=\"elementor-widget-container\">\n\t\t\t\t\t\t\t\t\t<p>i-Park Tauberfranken 18 &#8211; 20<\/p><p>97922 &#8211; Lauda-K\u00f6nigshofen<\/p>\t\t\t\t\t\t\t\t<\/div>\n\t\t\t\t<\/div>\n\t\t\t\t\t<\/div>\n\t\t<\/div>\n\t\t\t\t<div class=\"elementor-column elementor-col-33 elementor-inner-column elementor-element elementor-element-149bec2\" data-id=\"149bec2\" data-element_type=\"column\" data-e-type=\"column\">\n\t\t\t<div class=\"elementor-widget-wrap elementor-element-populated\">\n\t\t\t\t\t\t<div class=\"elementor-element elementor-element-851a4c9 elementor-icon-list--layout-traditional elementor-list-item-link-full_width elementor-widget elementor-widget-icon-list\" data-id=\"851a4c9\" data-element_type=\"widget\" data-e-type=\"widget\" data-widget_type=\"icon-list.default\">\n\t\t\t\t<div class=\"elementor-widget-container\">\n\t\t\t\t\t\t\t<ul class=\"elementor-icon-list-items\">\n\t\t\t\t\t\t\t<li class=\"elementor-icon-list-item\">\n\t\t\t\t\t\t\t\t\t\t\t<a href=\"https:\/\/www.iwarm.eu\/en\/\">\n\n\t\t\t\t\t\t\t\t\t\t\t<span class=\"elementor-icon-list-text\">Home<\/span>\n\t\t\t\t\t\t\t\t\t\t\t<\/a>\n\t\t\t\t\t\t\t\t\t<\/li>\n\t\t\t\t\t\t\t\t<li class=\"elementor-icon-list-item\">\n\t\t\t\t\t\t\t\t\t\t\t<a href=\"https:\/\/www.iwarm.eu\/en\/produkte\/\">\n\n\t\t\t\t\t\t\t\t\t\t\t<span class=\"elementor-icon-list-text\">Products<\/span>\n\t\t\t\t\t\t\t\t\t\t\t<\/a>\n\t\t\t\t\t\t\t\t\t<\/li>\n\t\t\t\t\t\t\t\t<li class=\"elementor-icon-list-item\">\n\t\t\t\t\t\t\t\t\t\t\t<a href=\"https:\/\/www.iwarm.eu\/en\/home-eng\/#Kontakt\">\n\n\t\t\t\t\t\t\t\t\t\t\t<span class=\"elementor-icon-list-text\">Contact<\/span>\n\t\t\t\t\t\t\t\t\t\t\t<\/a>\n\t\t\t\t\t\t\t\t\t<\/li>\n\t\t\t\t\t\t<\/ul>\n\t\t\t\t\t\t<\/div>\n\t\t\t\t<\/div>\n\t\t\t\t\t<\/div>\n\t\t<\/div>\n\t\t\t\t<div class=\"elementor-column elementor-col-33 elementor-inner-column elementor-element elementor-element-5f937e8\" data-id=\"5f937e8\" data-element_type=\"column\" data-e-type=\"column\">\n\t\t\t<div class=\"elementor-widget-wrap\">\n\t\t\t\t\t\t\t<\/div>\n\t\t<\/div>\n\t\t\t\t\t<\/div>\n\t\t<\/section>\n\t\t\t\t<div class=\"elementor-element elementor-element-8dee02f elementor-widget-divider--view-line elementor-widget elementor-widget-divider\" data-id=\"8dee02f\" data-element_type=\"widget\" data-e-type=\"widget\" data-widget_type=\"divider.default\">\n\t\t\t\t<div class=\"elementor-widget-container\">\n\t\t\t\t\t\t\t<div class=\"elementor-divider\">\n\t\t\t<span class=\"elementor-divider-separator\">\n\t\t\t\t\t\t<\/span>\n\t\t<\/div>\n\t\t\t\t\t\t<\/div>\n\t\t\t\t<\/div>\n\t\t\t\t<div class=\"elementor-element elementor-element-6f665c8 elementor-icon-list--layout-inline elementor-list-item-link-full_width elementor-widget elementor-widget-icon-list\" data-id=\"6f665c8\" data-element_type=\"widget\" data-e-type=\"widget\" data-widget_type=\"icon-list.default\">\n\t\t\t\t<div class=\"elementor-widget-container\">\n\t\t\t\t\t\t\t<ul class=\"elementor-icon-list-items elementor-inline-items\">\n\t\t\t\t\t\t\t<li class=\"elementor-icon-list-item elementor-inline-item\">\n\t\t\t\t\t\t\t\t\t\t\t<a href=\"https:\/\/www.iwarm.eu\/en\/impressum\/\">\n\n\t\t\t\t\t\t\t\t\t\t\t<span class=\"elementor-icon-list-text\">Imprint<\/span>\n\t\t\t\t\t\t\t\t\t\t\t<\/a>\n\t\t\t\t\t\t\t\t\t<\/li>\n\t\t\t\t\t\t\t\t<li class=\"elementor-icon-list-item elementor-inline-item\">\n\t\t\t\t\t\t\t\t\t\t\t<a href=\"https:\/\/www.iwarm.eu\/en\/datenschutzerklaerung\/\">\n\n\t\t\t\t\t\t\t\t\t\t\t<span class=\"elementor-icon-list-text\">Privacy policy<\/span>\n\t\t\t\t\t\t\t\t\t\t\t<\/a>\n\t\t\t\t\t\t\t\t\t<\/li>\n\t\t\t\t\t\t\t\t<li class=\"elementor-icon-list-item elementor-inline-item\">\n\t\t\t\t\t\t\t\t\t\t\t<a href=\"https:\/\/www.iwarm.eu\/wp-content\/uploads\/2023\/04\/i-warm-AGBs-06_2019.pdf\">\n\n\t\t\t\t\t\t\t\t\t\t\t<span class=\"elementor-icon-list-text\">GTC<\/span>\n\t\t\t\t\t\t\t\t\t\t\t<\/a>\n\t\t\t\t\t\t\t\t\t<\/li>\n\t\t\t\t\t\t<\/ul>\n\t\t\t\t\t\t<\/div>\n\t\t\t\t<\/div>\n\t\t\t\t\t<\/div>\n\t\t<\/div>\n\t\t\t\t\t<\/div>\n\t\t<\/section>\n\t\t\t\t<\/div>","protected":false},"excerpt":{"rendered":"<p>Datenschutzerkl\u00e4rung Allgemeiner Hinweis und Pflichtinformationen Benennung der verantwortlichen Stelle Die verantwortliche Stelle f\u00fcr die Datenverarbeitung auf dieser Website ist: i-warm GmbHThorsten Cyroli_Park Tauberfranken 1897922 Lauda-K\u00f6nigshofen \u00a0 Die verantwortliche Stelle entscheidet allein oder gemeinsam mit anderen \u00fcber die Zwecke und Mittel der Verarbeitung von personenbezogenen Daten (z.B. Namen, Kontaktdaten o. \u00c4.). Widerruf Ihrer Einwilligung zur Datenverarbeitung [&hellip;]<\/p>\n","protected":false},"author":1,"featured_media":0,"parent":0,"menu_order":0,"comment_status":"closed","ping_status":"closed","template":"","meta":{"ocean_post_layout":"full-screen","ocean_both_sidebars_style":"","ocean_both_sidebars_content_width":0,"ocean_both_sidebars_sidebars_width":0,"ocean_sidebar":"0","ocean_second_sidebar":"0","ocean_disable_margins":"enable","ocean_add_body_class":"","ocean_shortcode_before_top_bar":"","ocean_shortcode_after_top_bar":"","ocean_shortcode_before_header":"","ocean_shortcode_after_header":"","ocean_has_shortcode":"","ocean_shortcode_after_title":"","ocean_shortcode_before_footer_widgets":"","ocean_shortcode_after_footer_widgets":"","ocean_shortcode_before_footer_bottom":"","ocean_shortcode_after_footer_bottom":"","ocean_display_top_bar":"off","ocean_display_header":"default","ocean_header_style":"","ocean_center_header_left_menu":"0","ocean_custom_header_template":"0","ocean_custom_logo":0,"ocean_custom_retina_logo":0,"ocean_custom_logo_max_width":0,"ocean_custom_logo_tablet_max_width":0,"ocean_custom_logo_mobile_max_width":0,"ocean_custom_logo_max_height":0,"ocean_custom_logo_tablet_max_height":0,"ocean_custom_logo_mobile_max_height":0,"ocean_header_custom_menu":"0","ocean_menu_typo_font_family":"0","ocean_menu_typo_font_subset":"","ocean_menu_typo_font_size":0,"ocean_menu_typo_font_size_tablet":0,"ocean_menu_typo_font_size_mobile":0,"ocean_menu_typo_font_size_unit":"px","ocean_menu_typo_font_weight":"","ocean_menu_typo_font_weight_tablet":"","ocean_menu_typo_font_weight_mobile":"","ocean_menu_typo_transform":"","ocean_menu_typo_transform_tablet":"","ocean_menu_typo_transform_mobile":"","ocean_menu_typo_line_height":0,"ocean_menu_typo_line_height_tablet":0,"ocean_menu_typo_line_height_mobile":0,"ocean_menu_typo_line_height_unit":"","ocean_menu_typo_spacing":0,"ocean_menu_typo_spacing_tablet":0,"ocean_menu_typo_spacing_mobile":0,"ocean_menu_typo_spacing_unit":"","ocean_menu_link_color":"","ocean_menu_link_color_hover":"","ocean_menu_link_color_active":"","ocean_menu_link_background":"","ocean_menu_link_hover_background":"","ocean_menu_link_active_background":"","ocean_menu_social_links_bg":"","ocean_menu_social_hover_links_bg":"","ocean_menu_social_links_color":"","ocean_menu_social_hover_links_color":"","ocean_disable_title":"on","ocean_disable_heading":"default","ocean_post_title":"","ocean_post_subheading":"","ocean_post_title_style":"","ocean_post_title_background_color":"","ocean_post_title_background":0,"ocean_post_title_bg_image_position":"","ocean_post_title_bg_image_attachment":"","ocean_post_title_bg_image_repeat":"","ocean_post_title_bg_image_size":"","ocean_post_title_height":0,"ocean_post_title_bg_overlay":0.5,"ocean_post_title_bg_overlay_color":"","ocean_disable_breadcrumbs":"default","ocean_breadcrumbs_color":"","ocean_breadcrumbs_separator_color":"","ocean_breadcrumbs_links_color":"","ocean_breadcrumbs_links_hover_color":"","ocean_display_footer_widgets":"off","ocean_display_footer_bottom":"off","ocean_custom_footer_template":"0","footnotes":""},"class_list":["post-885","page","type-page","status-publish","hentry","entry"],"_links":{"self":[{"href":"https:\/\/www.iwarm.eu\/en\/wp-json\/wp\/v2\/pages\/885","targetHints":{"allow":["GET"]}}],"collection":[{"href":"https:\/\/www.iwarm.eu\/en\/wp-json\/wp\/v2\/pages"}],"about":[{"href":"https:\/\/www.iwarm.eu\/en\/wp-json\/wp\/v2\/types\/page"}],"author":[{"embeddable":true,"href":"https:\/\/www.iwarm.eu\/en\/wp-json\/wp\/v2\/users\/1"}],"replies":[{"embeddable":true,"href":"https:\/\/www.iwarm.eu\/en\/wp-json\/wp\/v2\/comments?post=885"}],"version-history":[{"count":41,"href":"https:\/\/www.iwarm.eu\/en\/wp-json\/wp\/v2\/pages\/885\/revisions"}],"predecessor-version":[{"id":1571,"href":"https:\/\/www.iwarm.eu\/en\/wp-json\/wp\/v2\/pages\/885\/revisions\/1571"}],"wp:attachment":[{"href":"https:\/\/www.iwarm.eu\/en\/wp-json\/wp\/v2\/media?parent=885"}],"curies":[{"name":"wp","href":"https:\/\/api.w.org\/{rel}","templated":true}]}}